{"id":1767,"date":"2026-03-25T21:49:04","date_gmt":"2026-03-25T21:49:04","guid":{"rendered":"https:\/\/stuck99.com\/?page_id=1767"},"modified":"2026-04-06T20:36:34","modified_gmt":"2026-04-06T20:36:34","slug":"somos-stuck-99","status":"publish","type":"page","link":"https:\/\/stuck99.com\/en\/somos-stuck-99\/","title":{"rendered":"We are Stuck 99"},"content":{"rendered":"<div data-elementor-type=\"wp-page\" data-elementor-id=\"1767\" class=\"elementor elementor-1767\" data-elementor-post-type=\"page\">\n\t\t\t\t<div class=\"elementor-element elementor-element-5914e7c e-flex e-con-boxed e-con e-parent\" data-id=\"5914e7c\" data-element_type=\"container\" data-e-type=\"container\">\n\t\t\t\t\t<div class=\"e-con-inner\">\n\t\t<div class=\"elementor-element elementor-element-000750b e-con-full e-flex e-con e-child\" data-id=\"000750b\" data-element_type=\"container\" data-e-type=\"container\">\n\t\t\t\t<div class=\"elementor-element elementor-element-3b07b51 animated-fast elementor-invisible elementor-widget elementor-widget-heading\" data-id=\"3b07b51\" data-element_type=\"widget\" data-e-type=\"widget\" data-settings=\"{&quot;_animation&quot;:&quot;fadeInUp&quot;,&quot;_animation_delay&quot;:400}\" data-widget_type=\"heading.default\">\n\t\t\t\t\t<h1 class=\"elementor-heading-title elementor-size-default\">We are Stuck 99<\/h1>\t\t\t\t<\/div>\n\t\t\t\t<div class=\"elementor-element elementor-element-8a6ecde animated-fast elementor-invisible elementor-widget elementor-widget-text-editor\" data-id=\"8a6ecde\" data-element_type=\"widget\" data-e-type=\"widget\" data-settings=\"{&quot;_animation&quot;:&quot;fadeInUp&quot;,&quot;_animation_delay&quot;:400}\" data-widget_type=\"text-editor.default\">\n\t\t\t\t\t\t\t\t\t<p>A young studio specializing in architecture, design, and 3D visualization based in Mendoza, comprised of professionals graduated from the University of Mendoza. We specialize in remodeling projects, interior architecture, and architectural visualization.<\/p><p>We focus on creating unique spaces, blending creativity, technology, and functionality to achieve innovative and personalized results.<\/p>\t\t\t\t\t\t\t\t<\/div>\n\t\t\t\t<\/div>\n\t\t\t\t<div class=\"elementor-element elementor-element-22af580 elementor-widget__width-initial animated-fast elementor-invisible elementor-widget elementor-widget-image\" data-id=\"22af580\" data-element_type=\"widget\" data-e-type=\"widget\" data-settings=\"{&quot;_animation&quot;:&quot;fadeInUp&quot;,&quot;_animation_delay&quot;:500}\" data-widget_type=\"image.default\">\n\t\t\t\t\t\t\t\t\t\t\t\t\t\t\t<img fetchpriority=\"high\" decoding=\"async\" width=\"600\" height=\"600\" src=\"https:\/\/stuck99.com\/wp-content\/uploads\/2026\/04\/stuck99-nosotros-background.png\" class=\"attachment-full size-full wp-image-1924\" alt=\"\" srcset=\"https:\/\/stuck99.com\/wp-content\/uploads\/2026\/04\/stuck99-nosotros-background.png 600w, https:\/\/stuck99.com\/wp-content\/uploads\/2026\/04\/stuck99-nosotros-background-300x300.png 300w, https:\/\/stuck99.com\/wp-content\/uploads\/2026\/04\/stuck99-nosotros-background-150x150.png 150w, https:\/\/stuck99.com\/wp-content\/uploads\/2026\/04\/stuck99-nosotros-background-12x12.png 12w\" sizes=\"(max-width: 600px) 100vw, 600px\" \/>\t\t\t\t\t\t\t\t\t\t\t\t\t\t\t<\/div>\n\t\t\t\t\t<\/div>\n\t\t\t\t<\/div>\n\t\t\t\t<\/div>","protected":false},"excerpt":{"rendered":"<p>Somos Stuck 99 Estudio joven de arquitectura, dise\u00f1o y visualizaci\u00f3n 3D en Mendoza, integrado por profesionales graduados de la Universidad de Mendoza. Nos especializamos en proyectos de remodelaci\u00f3n de viviendas, arquitectura de interiores y visualizaci\u00f3n arquitect\u00f3nica. Nos enfocamos en crear espacios \u00fanicos, fusionando creatividad, tecnolog\u00eda y funcionalidad para lograr resultados innovadores y personalizados.<\/p>","protected":false},"author":1,"featured_media":0,"parent":0,"menu_order":0,"comment_status":"closed","ping_status":"closed","template":"elementor_header_footer","meta":{"_acf_changed":false,"footnotes":""},"categories":[],"tags":[],"class_list":["post-1767","page","type-page","status-publish","hentry"],"acf":[],"aioseo_notices":[],"_links":{"self":[{"href":"https:\/\/stuck99.com\/en\/wp-json\/wp\/v2\/pages\/1767","targetHints":{"allow":["GET"]}}],"collection":[{"href":"https:\/\/stuck99.com\/en\/wp-json\/wp\/v2\/pages"}],"about":[{"href":"https:\/\/stuck99.com\/en\/wp-json\/wp\/v2\/types\/page"}],"author":[{"embeddable":true,"href":"https:\/\/stuck99.com\/en\/wp-json\/wp\/v2\/users\/1"}],"replies":[{"embeddable":true,"href":"https:\/\/stuck99.com\/en\/wp-json\/wp\/v2\/comments?post=1767"}],"version-history":[{"count":22,"href":"https:\/\/stuck99.com\/en\/wp-json\/wp\/v2\/pages\/1767\/revisions"}],"predecessor-version":[{"id":1930,"href":"https:\/\/stuck99.com\/en\/wp-json\/wp\/v2\/pages\/1767\/revisions\/1930"}],"wp:attachment":[{"href":"https:\/\/stuck99.com\/en\/wp-json\/wp\/v2\/media?parent=1767"}],"wp:term":[{"taxonomy":"category","embeddable":true,"href":"https:\/\/stuck99.com\/en\/wp-json\/wp\/v2\/categories?post=1767"},{"taxonomy":"post_tag","embeddable":true,"href":"https:\/\/stuck99.com\/en\/wp-json\/wp\/v2\/tags?post=1767"}],"curies":[{"name":"wp","href":"https:\/\/api.w.org\/{rel}","templated":true}]}}