{"id":1782,"date":"2026-03-25T21:52:40","date_gmt":"2026-03-25T21:52:40","guid":{"rendered":"https:\/\/stuck99.com\/?page_id=1782"},"modified":"2026-04-10T14:37:14","modified_gmt":"2026-04-10T14:37:14","slug":"nuestros-servicios","status":"publish","type":"page","link":"https:\/\/stuck99.com\/en\/nuestros-servicios\/","title":{"rendered":"Our Services"},"content":{"rendered":"<div data-elementor-type=\"wp-page\" data-elementor-id=\"1782\" class=\"elementor elementor-1782\" data-elementor-post-type=\"page\">\n\t\t\t\t<div class=\"elementor-element elementor-element-d4e8fa8 e-flex e-con-boxed e-con e-parent\" data-id=\"d4e8fa8\" data-element_type=\"container\" data-e-type=\"container\">\n\t\t\t\t\t<div class=\"e-con-inner\">\n\t\t<div class=\"elementor-element elementor-element-4658656 e-con-full e-flex e-con e-child\" data-id=\"4658656\" data-element_type=\"container\" data-e-type=\"container\">\n\t\t\t\t<div class=\"elementor-element elementor-element-4705394 animated-fast elementor-invisible elementor-widget elementor-widget-heading\" data-id=\"4705394\" data-element_type=\"widget\" data-e-type=\"widget\" data-settings=\"{&quot;_animation&quot;:&quot;fadeInUp&quot;,&quot;_animation_delay&quot;:400}\" data-widget_type=\"heading.default\">\n\t\t\t\t\t<h1 class=\"elementor-heading-title elementor-size-default\">Our Services<\/h1>\t\t\t\t<\/div>\n\t\t\t\t<\/div>\n\t\t<div class=\"elementor-element elementor-element-5df1a2a e-con-full e-flex e-con e-child\" data-id=\"5df1a2a\" data-element_type=\"container\" data-e-type=\"container\">\n\t\t\t\t<div class=\"elementor-element elementor-element-a82f519 elementor-widget__width-initial elementor-widget-tablet__width-inherit animated-fast elementor-invisible elementor-widget elementor-widget-image\" data-id=\"a82f519\" data-element_type=\"widget\" data-e-type=\"widget\" data-settings=\"{&quot;_animation&quot;:&quot;fadeInLeft&quot;,&quot;_animation_delay&quot;:400}\" data-widget_type=\"image.default\">\n\t\t\t\t\t\t\t\t\t\t\t\t\t\t\t<img fetchpriority=\"high\" decoding=\"async\" width=\"800\" height=\"547\" src=\"https:\/\/stuck99.com\/wp-content\/uploads\/2026\/04\/stuck99-servicios-background-1.jpg\" class=\"attachment-full size-full wp-image-1907\" alt=\"\" srcset=\"https:\/\/stuck99.com\/wp-content\/uploads\/2026\/04\/stuck99-servicios-background-1.jpg 800w, https:\/\/stuck99.com\/wp-content\/uploads\/2026\/04\/stuck99-servicios-background-1-300x205.jpg 300w, https:\/\/stuck99.com\/wp-content\/uploads\/2026\/04\/stuck99-servicios-background-1-768x525.jpg 768w, https:\/\/stuck99.com\/wp-content\/uploads\/2026\/04\/stuck99-servicios-background-1-18x12.jpg 18w\" sizes=\"(max-width: 800px) 100vw, 800px\" \/>\t\t\t\t\t\t\t\t\t\t\t\t\t\t\t<\/div>\n\t\t<div class=\"elementor-element elementor-element-e130221 e-con-full e-flex e-con e-child\" data-id=\"e130221\" data-element_type=\"container\" data-e-type=\"container\">\n\t\t\t\t<div class=\"elementor-element elementor-element-f552a6a animated-fast elementor-invisible elementor-widget elementor-widget-heading\" data-id=\"f552a6a\" data-element_type=\"widget\" data-e-type=\"widget\" data-settings=\"{&quot;_animation&quot;:&quot;fadeInUp&quot;,&quot;_animation_delay&quot;:500}\" data-widget_type=\"heading.default\">\n\t\t\t\t\t<h1 class=\"elementor-heading-title elementor-size-default\">Projects<\/h1>\t\t\t\t<\/div>\n\t\t\t\t<div class=\"elementor-element elementor-element-d0cc0d7 animated-fast elementor-invisible elementor-widget elementor-widget-text-editor\" data-id=\"d0cc0d7\" data-element_type=\"widget\" data-e-type=\"widget\" data-settings=\"{&quot;_animation&quot;:&quot;fadeInUp&quot;,&quot;_animation_delay&quot;:600}\" data-widget_type=\"text-editor.default\">\n\t\t\t\t\t\t\t\t\t<p>We address through simple, sustainable and comprehensive solutions the needs and demands of our clients when it comes to translating, in a tangible medium, their ideas. We are mobilized by the constant search for aesthetic, functional and economically profitable solutions to carry out your projects. We manage the process from the initial phase when we undertake the development of the idea, generate executive technical documentation and finally specify the work stage.<\/p>\t\t\t\t\t\t\t\t<\/div>\n\t\t\t\t<\/div>\n\t\t\t\t<\/div>\n\t\t<div class=\"elementor-element elementor-element-d3675d3 e-con-full e-flex e-con e-child\" data-id=\"d3675d3\" data-element_type=\"container\" data-e-type=\"container\">\n\t\t<div class=\"elementor-element elementor-element-d369135 e-con-full e-flex e-con e-child\" data-id=\"d369135\" data-element_type=\"container\" data-e-type=\"container\">\n\t\t\t\t<div class=\"elementor-element elementor-element-7208a50 animated-fast elementor-invisible elementor-widget elementor-widget-heading\" data-id=\"7208a50\" data-element_type=\"widget\" data-e-type=\"widget\" data-settings=\"{&quot;_animation&quot;:&quot;fadeInUp&quot;,&quot;_animation_delay&quot;:500}\" data-widget_type=\"heading.default\">\n\t\t\t\t\t<h1 class=\"elementor-heading-title elementor-size-default\">Restyling<\/h1>\t\t\t\t<\/div>\n\t\t\t\t<div class=\"elementor-element elementor-element-01dfe28 animated-fast elementor-invisible elementor-widget elementor-widget-text-editor\" data-id=\"01dfe28\" data-element_type=\"widget\" data-e-type=\"widget\" data-settings=\"{&quot;_animation&quot;:&quot;fadeInUp&quot;,&quot;_animation_delay&quot;:600}\" data-widget_type=\"text-editor.default\">\n\t\t\t\t\t\t\t\t\t<p>Committed to functionality and aesthetics, we redesign spaces according to new expectations of use and comfort, exploring materialities, furniture construction systems and new lighting concepts.<\/p>\t\t\t\t\t\t\t\t<\/div>\n\t\t\t\t<\/div>\n\t\t\t\t<div class=\"elementor-element elementor-element-1c395e3 elementor-widget__width-initial elementor-widget-tablet__width-inherit animated-fast elementor-invisible elementor-widget elementor-widget-image\" data-id=\"1c395e3\" data-element_type=\"widget\" data-e-type=\"widget\" data-settings=\"{&quot;_animation&quot;:&quot;fadeInRight&quot;,&quot;_animation_delay&quot;:400}\" data-widget_type=\"image.default\">\n\t\t\t\t\t\t\t\t\t\t\t\t\t\t\t<img decoding=\"async\" width=\"800\" height=\"547\" src=\"https:\/\/stuck99.com\/wp-content\/uploads\/2026\/04\/stuck99-servicios-background-2.jpg\" class=\"attachment-full size-full wp-image-1908\" alt=\"\" srcset=\"https:\/\/stuck99.com\/wp-content\/uploads\/2026\/04\/stuck99-servicios-background-2.jpg 800w, https:\/\/stuck99.com\/wp-content\/uploads\/2026\/04\/stuck99-servicios-background-2-300x205.jpg 300w, https:\/\/stuck99.com\/wp-content\/uploads\/2026\/04\/stuck99-servicios-background-2-768x525.jpg 768w, https:\/\/stuck99.com\/wp-content\/uploads\/2026\/04\/stuck99-servicios-background-2-18x12.jpg 18w\" sizes=\"(max-width: 800px) 100vw, 800px\" \/>\t\t\t\t\t\t\t\t\t\t\t\t\t\t\t<\/div>\n\t\t\t\t<\/div>\n\t\t<div class=\"elementor-element elementor-element-9eaddbc e-con-full e-flex e-con e-child\" data-id=\"9eaddbc\" data-element_type=\"container\" data-e-type=\"container\">\n\t\t\t\t<div class=\"elementor-element elementor-element-2dec923 elementor-widget__width-initial elementor-widget-tablet__width-inherit animated-fast elementor-invisible elementor-widget elementor-widget-image\" data-id=\"2dec923\" data-element_type=\"widget\" data-e-type=\"widget\" data-settings=\"{&quot;_animation&quot;:&quot;fadeInLeft&quot;,&quot;_animation_delay&quot;:400}\" data-widget_type=\"image.default\">\n\t\t\t\t\t\t\t\t\t\t\t\t\t\t\t<img decoding=\"async\" width=\"800\" height=\"545\" src=\"https:\/\/stuck99.com\/wp-content\/uploads\/2026\/04\/stuck99-servicios-background-3.jpg\" class=\"attachment-full size-full wp-image-1909\" alt=\"\" srcset=\"https:\/\/stuck99.com\/wp-content\/uploads\/2026\/04\/stuck99-servicios-background-3.jpg 800w, https:\/\/stuck99.com\/wp-content\/uploads\/2026\/04\/stuck99-servicios-background-3-300x204.jpg 300w, https:\/\/stuck99.com\/wp-content\/uploads\/2026\/04\/stuck99-servicios-background-3-768x523.jpg 768w, https:\/\/stuck99.com\/wp-content\/uploads\/2026\/04\/stuck99-servicios-background-3-18x12.jpg 18w\" sizes=\"(max-width: 800px) 100vw, 800px\" \/>\t\t\t\t\t\t\t\t\t\t\t\t\t\t\t<\/div>\n\t\t<div class=\"elementor-element elementor-element-29443d1 e-con-full e-flex e-con e-child\" data-id=\"29443d1\" data-element_type=\"container\" data-e-type=\"container\">\n\t\t\t\t<div class=\"elementor-element elementor-element-027f51f animated-fast elementor-invisible elementor-widget elementor-widget-heading\" data-id=\"027f51f\" data-element_type=\"widget\" data-e-type=\"widget\" data-settings=\"{&quot;_animation&quot;:&quot;fadeInUp&quot;,&quot;_animation_delay&quot;:500}\" data-widget_type=\"heading.default\">\n\t\t\t\t\t<h1 class=\"elementor-heading-title elementor-size-default\">3D visualization\n<\/h1>\t\t\t\t<\/div>\n\t\t\t\t<div class=\"elementor-element elementor-element-c051074 animated-fast elementor-invisible elementor-widget elementor-widget-text-editor\" data-id=\"c051074\" data-element_type=\"widget\" data-e-type=\"widget\" data-settings=\"{&quot;_animation&quot;:&quot;fadeInUp&quot;,&quot;_animation_delay&quot;:600}\" data-widget_type=\"text-editor.default\">\n\t\t\t\t\t\t\t\t\t<p>By combining the best 3D modeling, rendering and photographic production software, we achieve hyper-realistic results of the works in order to preview their scale, materialities, textures, sunlight and lighting; In order to evaluate possible improvements in all these aspects and that our clients can take part in these processes.<\/p>\t\t\t\t\t\t\t\t<\/div>\n\t\t\t\t<\/div>\n\t\t\t\t<\/div>\n\t\t\t\t\t<\/div>\n\t\t\t\t<\/div>\n\t\t\t\t<\/div>","protected":false},"excerpt":{"rendered":"<p>Nuestros Servicios Proyectos Abordamos mediante soluciones simples, sustentables e integrales las necesidades y exigencias de nuestros comitentes a la hora de plasmar, en un medio tangible, sus ideas. Nos moviliza la b\u00fasqueda constante de soluciones est\u00e9ticas, funcionales y econ\u00f3micamente rentables para llevar a cabo sus proyectos. Gestionamos el proceso desde la fase inicial al emprender [&hellip;]<\/p>\n","protected":false},"author":1,"featured_media":0,"parent":0,"menu_order":0,"comment_status":"closed","ping_status":"closed","template":"elementor_header_footer","meta":{"_acf_changed":false,"footnotes":""},"categories":[],"tags":[],"class_list":["post-1782","page","type-page","status-publish","hentry"],"acf":[],"aioseo_notices":[],"_links":{"self":[{"href":"https:\/\/stuck99.com\/en\/wp-json\/wp\/v2\/pages\/1782","targetHints":{"allow":["GET"]}}],"collection":[{"href":"https:\/\/stuck99.com\/en\/wp-json\/wp\/v2\/pages"}],"about":[{"href":"https:\/\/stuck99.com\/en\/wp-json\/wp\/v2\/types\/page"}],"author":[{"embeddable":true,"href":"https:\/\/stuck99.com\/en\/wp-json\/wp\/v2\/users\/1"}],"replies":[{"embeddable":true,"href":"https:\/\/stuck99.com\/en\/wp-json\/wp\/v2\/comments?post=1782"}],"version-history":[{"count":43,"href":"https:\/\/stuck99.com\/en\/wp-json\/wp\/v2\/pages\/1782\/revisions"}],"predecessor-version":[{"id":2025,"href":"https:\/\/stuck99.com\/en\/wp-json\/wp\/v2\/pages\/1782\/revisions\/2025"}],"wp:attachment":[{"href":"https:\/\/stuck99.com\/en\/wp-json\/wp\/v2\/media?parent=1782"}],"wp:term":[{"taxonomy":"category","embeddable":true,"href":"https:\/\/stuck99.com\/en\/wp-json\/wp\/v2\/categories?post=1782"},{"taxonomy":"post_tag","embeddable":true,"href":"https:\/\/stuck99.com\/en\/wp-json\/wp\/v2\/tags?post=1782"}],"curies":[{"name":"wp","href":"https:\/\/api.w.org\/{rel}","templated":true}]}}